{"id":223,"date":"2026-01-02T19:43:13","date_gmt":"2026-01-02T18:43:13","guid":{"rendered":"https:\/\/www.innovanet.uy\/?page_id=223"},"modified":"2026-01-03T00:38:20","modified_gmt":"2026-01-02T23:38:20","slug":"servicios","status":"publish","type":"page","link":"https:\/\/www.innovanet.uy\/?page_id=223","title":{"rendered":"Servicios"},"content":{"rendered":"\n<link rel=\"stylesheet\" href=\"https:\/\/cdnjs.cloudflare.com\/ajax\/libs\/font-awesome\/6.0.0\/css\/all.min.css\">\n\n<style>\n    :root {\n        --naranja: #ff6600;\n        --azul-oscuro: #1a242f;\n        --gris-claro: #f4f7f9;\n        --blanco: #ffffff;\n    }\n\n    .servicios-wrapper {\n        font-family: 'Poppins', sans-serif;\n        color: #333;\n        max-width: 1200px;\n        margin: 0 auto;\n        padding: 40px 20px;\n    }\n\n    \/* --- SECCI\u00d3N RESUMEN (GRID DE 4) --- *\/\n    .grid-servicios {\n        display: grid;\n        grid-template-columns: repeat(4, 1fr); \/* 4 columnas fijas *\/\n        gap: 20px;\n        margin-bottom: 60px;\n    }\n\n    .card-servicio {\n        background: var(--blanco);\n        border: 1px solid #eee;\n        padding: 30px 20px;\n        text-align: center;\n        border-radius: 12px;\n        transition: all 0.3s ease;\n        box-shadow: 0 5px 15px rgba(0,0,0,0.05);\n    }\n\n    .card-servicio:hover {\n        transform: translateY(-10px);\n        border-color: var(--naranja);\n        box-shadow: 0 10px 25px rgba(255, 102, 0, 0.15);\n    }\n\n    .card-servicio i {\n        font-size: 45px;\n        color: var(--naranja);\n        margin-bottom: 20px;\n    }\n\n    .card-servicio h3 {\n        font-size: 1.2rem;\n        color: var(--azul-oscuro);\n        margin-bottom: 15px;\n    }\n\n    \/* --- SECCI\u00d3N DE DETALLE --- *\/\n    .detalle-servicios {\n        background: var(--gris-claro);\n        padding: 50px;\n        border-radius: 20px;\n    }\n\n    .detalle-item {\n        margin-bottom: 40px;\n        padding-bottom: 40px;\n        border-bottom: 1px solid #ddd;\n    }\n\n    .detalle-item:last-child {\n        border-bottom: none;\n        margin-bottom: 0;\n    }\n\n    .detalle-item h2 {\n        color: var(--naranja);\n        display: flex;\n        align-items: center;\n        gap: 15px;\n        margin-bottom: 20px;\n    }\n\n    .detalle-content {\n        display: grid;\n        grid-template-columns: 1fr 1fr;\n        gap: 40px;\n    }\n\n    .detalle-texto p {\n        font-size: 1.05rem;\n        line-height: 1.8;\n    }\n\n    .lista-puntos {\n        list-style: none;\n        padding: 0;\n    }\n\n    .lista-puntos li {\n        margin-bottom: 12px;\n        padding-left: 30px;\n        position: relative;\n    }\n\n    .lista-puntos li::before {\n        content: \"\\f00c\";\n        font-family: \"Font Awesome 6 Free\";\n        font-weight: 900;\n        position: absolute;\n        left: 0;\n        color: var(--naranja);\n    }\n\n    \/* --- RESPONSIVIDAD --- *\/\n    @media (max-width: 1024px) {\n        .grid-servicios { grid-template-columns: repeat(2, 1fr); }\n        .detalle-content { grid-template-columns: 1fr; }\n    }\n\n    @media (max-width: 600px) {\n        .grid-servicios { grid-template-columns: 1fr; }\n        .detalle-servicios { padding: 25px; }\n    }\n<\/style>\n\n<div class=\"servicios-wrapper\">\n    <div class=\"comunidad-header\">\n        <h3>Conecta con la <span>Servicios<\/span><\/h3>\n        <p>Conoce un poco de algunos de nuestros servicios y si tienes preguntas no dudes en contactarnos.<\/p>\n    <\/div>    \n    <div class=\"grid-servicios\">\n        <div class=\"card-servicio\">\n            <i class=\"fas fa-shield-halved\"><\/i>\n            <h3>Ciberseguridad<br>Wazuh<\/h3>\n            <p>Monitoreo proactivo y respuesta ante amenazas.<\/p>\n        <\/div>\n\n        <div class=\"card-servicio\">\n            <i class=\"fas fa-robot\"><\/i>\n            <h3>IA &#038;<br>Automatizaci\u00f3n<\/h3>\n            <p>Asistentes inteligentes y procesos aut\u00f3nomos.<\/p>\n        <\/div>\n\n        <div class=\"card-servicio\">\n            <i class=\"fas fa-laptop-code\"><\/i>\n            <h3>Dise\u00f1o Web<br>&#038; Hosting<\/h3>\n            <p>Sitios web de alto impacto y alojamiento veloz.<\/p>\n        <\/div>\n\n        <div class=\"card-servicio\">\n            <i class=\"fas fa-network-wired\"><\/i>\n            <h3>Infraestructura<br>IT<\/h3>\n            <p>Gesti\u00f3n de redes, correos y servidores.<\/p>\n        <\/div>\n    <\/div>\n\n    <div class=\"detalle-servicios\">\n        \n        <div class=\"detalle-item\">\n            <h2><i class=\"fas fa-shield-virus\"><\/i> Seguridad Avanzada con Wazuh<\/h2>\n            <div class=\"detalle-content\">\n                <div class=\"detalle-texto\">\n                    <p>Implementamos sistemas de monitoreo de nivel empresarial para blindar su red. Wazuh nos permite detectar vulnerabilidades y responder autom\u00e1ticamente ante intrusiones.<\/p>\n                <\/div>\n                <ul class=\"lista-puntos\">\n                    <li>Detecci\u00f3n de malware y anomal\u00edas en tiempo real.<\/li>\n                    <li>Monitoreo de integridad de archivos cr\u00edticos.<\/li>\n                    <li>Evaluaci\u00f3n continua de configuraci\u00f3n de seguridad.<\/li>\n                <\/ul>\n            <\/div>\n        <\/div>\n\n        <div class=\"detalle-item\">\n            <h2><i class=\"fas fa-brain\"><\/i> Inteligencia Artificial Aplicada<\/h2>\n            <div class=\"detalle-content\">\n                <div class=\"detalle-texto\">\n                    <p>Transformamos su operativa diaria mediante el despliegue de agentes inteligentes que optimizan la atenci\u00f3n al cliente y ejecutan tareas complejas sin errores.<\/p>\n                <\/div>\n                <ul class=\"lista-puntos\">\n                    <li>Asistentes virtuales adaptados a su flujo de ventas.<\/li>\n                    <li>Automatizaci\u00f3n de tareas administrativas frecuentes.<\/li>\n                    <li>Integraci\u00f3n de modelos IA en sus sistemas actuales.<\/li>\n                <\/ul>\n            <\/div>\n        <\/div>\n\n        <div class=\"detalle-item\">\n            <h2><i class=\"fas fa-server\"><\/i> Infraestructura y Redes<\/h2>\n            <div class=\"detalle-content\">\n                <div class=\"detalle-texto\">\n                    <p>Administramos el coraz\u00f3n tecnol\u00f3gico de su empresa para garantizar disponibilidad total. Desde el correo corporativo hasta el firewall de borde.<\/p>\n                <\/div>\n                <ul class=\"lista-puntos\">\n                    <li>Controladores de dominio y servicios internos.<\/li>\n                    <li>Configuraci\u00f3n avanzada de Firewalls y VPNs.<\/li>\n                    <li>Soporte y capacitaci\u00f3n t\u00e9cnica personalizada.<\/li>\n                <\/ul>\n            <\/div>\n        <\/div>\n\n    <\/div>\n<\/div>\n","protected":false},"excerpt":{"rendered":"<p>Conecta con la Servicios Conoce un poco de algunos de nuestros servicios y si tienes preguntas no dudes en contactarnos. CiberseguridadWazuh Monitoreo proactivo y respuesta ante amenazas. IA &#038;Automatizaci\u00f3n Asistentes inteligentes y procesos aut\u00f3nomos. Dise\u00f1o Web&#038; Hosting Sitios web de alto impacto y alojamiento veloz. InfraestructuraIT Gesti\u00f3n de redes, correos y servidores. Seguridad Avanzada con [&hellip;]<\/p>\n","protected":false},"author":1,"featured_media":0,"parent":0,"menu_order":0,"comment_status":"closed","ping_status":"closed","template":"","meta":{"_uag_custom_page_level_css":"","footnotes":""},"class_list":["post-223","page","type-page","status-publish","hentry"],"uagb_featured_image_src":{"full":false,"thumbnail":false,"medium":false,"medium_large":false,"large":false,"1536x1536":false,"2048x2048":false},"uagb_author_info":{"display_name":"innovanet","author_link":"https:\/\/www.innovanet.uy\/?author=1"},"uagb_comment_info":0,"uagb_excerpt":"Conecta con la Servicios Conoce un poco de algunos de nuestros servicios y si tienes preguntas no dudes en contactarnos. CiberseguridadWazuh Monitoreo proactivo y respuesta ante amenazas. IA &#038;Automatizaci\u00f3n Asistentes inteligentes y procesos aut\u00f3nomos. Dise\u00f1o Web&#038; Hosting Sitios web de alto impacto y alojamiento veloz. InfraestructuraIT Gesti\u00f3n de redes, correos y servidores. Seguridad Avanzada con&hellip;","_links":{"self":[{"href":"https:\/\/www.innovanet.uy\/index.php?rest_route=\/wp\/v2\/pages\/223","targetHints":{"allow":["GET"]}}],"collection":[{"href":"https:\/\/www.innovanet.uy\/index.php?rest_route=\/wp\/v2\/pages"}],"about":[{"href":"https:\/\/www.innovanet.uy\/index.php?rest_route=\/wp\/v2\/types\/page"}],"author":[{"embeddable":true,"href":"https:\/\/www.innovanet.uy\/index.php?rest_route=\/wp\/v2\/users\/1"}],"replies":[{"embeddable":true,"href":"https:\/\/www.innovanet.uy\/index.php?rest_route=%2Fwp%2Fv2%2Fcomments&post=223"}],"version-history":[{"count":13,"href":"https:\/\/www.innovanet.uy\/index.php?rest_route=\/wp\/v2\/pages\/223\/revisions"}],"predecessor-version":[{"id":246,"href":"https:\/\/www.innovanet.uy\/index.php?rest_route=\/wp\/v2\/pages\/223\/revisions\/246"}],"wp:attachment":[{"href":"https:\/\/www.innovanet.uy\/index.php?rest_route=%2Fwp%2Fv2%2Fmedia&parent=223"}],"curies":[{"name":"wp","href":"https:\/\/api.w.org\/{rel}","templated":true}]}}